{"id":71,"date":"2020-09-04T21:02:54","date_gmt":"2020-09-04T21:02:54","guid":{"rendered":"https:\/\/www.neurochirurgie-baden.at\/?page_id=71"},"modified":"2020-10-07T14:32:33","modified_gmt":"2020-10-07T14:32:33","slug":"hypophyse","status":"publish","type":"page","link":"https:\/\/www.neurochirurgie-baden.at\/index.php\/hypophyse\/","title":{"rendered":"Hypophyse"},"content":{"rendered":"\t\t<div data-elementor-type=\"wp-page\" data-elementor-id=\"71\" class=\"elementor elementor-71\" data-elementor-post-type=\"page\">\n\t\t\t\t\t\t<section class=\"elementor-section elementor-top-section elementor-element elementor-element-6eaf45d elementor-section-boxed elementor-section-height-default elementor-section-height-default\" data-id=\"6eaf45d\" data-element_type=\"section\" data-e-type=\"section\">\n\t\t\t\t\t\t<div class=\"elementor-container elementor-column-gap-default\">\n\t\t\t\t\t<div class=\"elementor-column elementor-col-100 elementor-top-column elementor-element elementor-element-c6ff586\" data-id=\"c6ff586\" data-element_type=\"column\" data-e-type=\"column\">\n\t\t\t<div class=\"elementor-widget-wrap elementor-element-populated\">\n\t\t\t\t\t\t<div class=\"elementor-element elementor-element-e527828 elementor-widget elementor-widget-text-editor\" data-id=\"e527828\" data-element_type=\"widget\" data-e-type=\"widget\" data-widget_type=\"text-editor.default\">\n\t\t\t\t<div class=\"elementor-widget-container\">\n\t\t\t\t\t\t\t\t\t<p>Die Hypophyse wird auch Hirnanhangsdr\u00fcse genannt und ist f\u00fcr die Produktion lebenswichtiger Hormone sowie f\u00fcr die Steuerung hormonaktiver Dr\u00fcsen verantwortlich. Ihre Steuerung erfolgt vor allem vom Hypothalamus. Nachgeschalten wird von ihr die Schilddr\u00fcse, Nebenniere, Eierst\u00f6cke bzw. Hoden gesteuert. Die Hypophyse ist etwa kirschgro\u00df und befindet sich an der Sch\u00e4delbasis unmittelbar unter der Sehbahnkreuzung.<\/p>\n<p>Adenome der Hypophyse kommen h\u00e4ufig vor und stellen in der Regel einen gutartigen Tumor dar. Sie werden zumeist als Zufallsbefund oder bei hormonellen Beeintr\u00e4chtigungen oder Sehst\u00f6rungen diagnostiziert. Bei Hypophysenadenomen ist zwischen hormoninaktiven, also solchen welche keine Hormone sezernieren und hormonaktiven, also jenen mit Hormonaktivit\u00e4t, zu unterscheiden.<\/p>\t\t\t\t\t\t\t\t<\/div>\n\t\t\t\t<\/div>\n\t\t\t\t\t<\/div>\n\t\t<\/div>\n\t\t\t\t\t<\/div>\n\t\t<\/section>\n\t\t\t\t<section class=\"elementor-section elementor-top-section elementor-element elementor-element-9680d11 elementor-section-boxed elementor-section-height-default elementor-section-height-default\" data-id=\"9680d11\" data-element_type=\"section\" data-e-type=\"section\">\n\t\t\t\t\t\t<div class=\"elementor-container elementor-column-gap-default\">\n\t\t\t\t\t<div class=\"elementor-column elementor-col-100 elementor-top-column elementor-element elementor-element-717a457\" data-id=\"717a457\" data-element_type=\"column\" data-e-type=\"column\">\n\t\t\t<div class=\"elementor-widget-wrap elementor-element-populated\">\n\t\t\t\t\t\t<div class=\"elementor-element elementor-element-2f2a30e elementor-widget elementor-widget-text-editor\" data-id=\"2f2a30e\" data-element_type=\"widget\" data-e-type=\"widget\" data-widget_type=\"text-editor.default\">\n\t\t\t\t<div class=\"elementor-widget-container\">\n\t\t\t\t\t\t\t\t\t<p>Neben den Adenomen gibt es noch entz\u00fcndliche Ver\u00e4nderungen der Hypophyse, und in sehr seltenen F\u00e4llen Metastasen und Meningeome. Die weitere Diagnostik umfasst eine augen\u00e4rztliche Untersuchung sowie die endokrinologische Hormondiagnostik.<\/p>\t\t\t\t\t\t\t\t<\/div>\n\t\t\t\t<\/div>\n\t\t\t\t\t<\/div>\n\t\t<\/div>\n\t\t\t\t\t<\/div>\n\t\t<\/section>\n\t\t\t\t<section class=\"elementor-section elementor-top-section elementor-element elementor-element-9f723eb elementor-section-boxed elementor-section-height-default elementor-section-height-default\" data-id=\"9f723eb\" data-element_type=\"section\" data-e-type=\"section\">\n\t\t\t\t\t\t<div class=\"elementor-container elementor-column-gap-default\">\n\t\t\t\t\t<div class=\"elementor-column elementor-col-100 elementor-top-column elementor-element elementor-element-ef251c1\" data-id=\"ef251c1\" data-element_type=\"column\" data-e-type=\"column\" data-settings=\"{&quot;background_background&quot;:&quot;classic&quot;}\">\n\t\t\t<div class=\"elementor-widget-wrap elementor-element-populated\">\n\t\t\t\t\t\t<div class=\"elementor-element elementor-element-b06e0cc elementor-widget elementor-widget-video\" data-id=\"b06e0cc\" data-element_type=\"widget\" data-e-type=\"widget\" data-settings=\"{&quot;video_type&quot;:&quot;hosted&quot;,&quot;autoplay&quot;:&quot;yes&quot;,&quot;mute&quot;:&quot;yes&quot;,&quot;loop&quot;:&quot;yes&quot;}\" data-widget_type=\"video.default\">\n\t\t\t\t<div class=\"elementor-widget-container\">\n\t\t\t\t\t\t\t<div class=\"e-hosted-video elementor-wrapper elementor-open-inline\">\n\t\t\t\t\t<video class=\"elementor-video\" src=\"https:\/\/www.neurochirurgie-baden.at\/wp-content\/uploads\/stock-footage-mri-brain-scan.webm\" autoplay=\"\" loop=\"\" muted=\"muted\" controlsList=\"nodownload\"><\/video>\n\t\t\t\t<\/div>\n\t\t\t\t\t\t<\/div>\n\t\t\t\t<\/div>\n\t\t\t\t\t<\/div>\n\t\t<\/div>\n\t\t\t\t\t<\/div>\n\t\t<\/section>\n\t\t\t\t<section class=\"elementor-section elementor-top-section elementor-element elementor-element-1102ea2d elementor-section-content-middle elementor-section-boxed elementor-section-height-default elementor-section-height-default\" data-id=\"1102ea2d\" data-element_type=\"section\" data-e-type=\"section\">\n\t\t\t\t\t\t<div class=\"elementor-container elementor-column-gap-no\">\n\t\t\t\t\t<div class=\"elementor-column elementor-col-100 elementor-top-column elementor-element elementor-element-71a38459\" data-id=\"71a38459\" data-element_type=\"column\" data-e-type=\"column\">\n\t\t\t<div class=\"elementor-widget-wrap elementor-element-populated\">\n\t\t\t\t\t\t<div class=\"elementor-element elementor-element-6e57ca5f elementor-widget elementor-widget-heading\" data-id=\"6e57ca5f\" data-element_type=\"widget\" data-e-type=\"widget\" data-widget_type=\"heading.default\">\n\t\t\t\t<div class=\"elementor-widget-container\">\n\t\t\t\t\t<h3 class=\"elementor-heading-title elementor-size-medium\">Hormonaktivit\u00e4ten<\/h3>\t\t\t\t<\/div>\n\t\t\t\t<\/div>\n\t\t\t\t<div class=\"elementor-element elementor-element-1891105 elementor-widget elementor-widget-accordion\" data-id=\"1891105\" data-element_type=\"widget\" data-e-type=\"widget\" data-widget_type=\"accordion.default\">\n\t\t\t\t<div class=\"elementor-widget-container\">\n\t\t\t\t\t\t\t<div class=\"elementor-accordion\">\n\t\t\t\t\t\t\t<div class=\"elementor-accordion-item\">\n\t\t\t\t\t<div id=\"elementor-tab-title-2571\" class=\"elementor-tab-title\" data-tab=\"1\" role=\"button\" aria-controls=\"elementor-tab-content-2571\" aria-expanded=\"false\">\n\t\t\t\t\t\t\t\t\t\t\t\t\t<span class=\"elementor-accordion-icon elementor-accordion-icon-left\" aria-hidden=\"true\">\n\t\t\t\t\t\t\t\t\t\t\t\t\t\t\t<span class=\"elementor-accordion-icon-closed\"><i class=\"fas fa-chevron-down\"><\/i><\/span>\n\t\t\t\t\t\t\t\t<span class=\"elementor-accordion-icon-opened\"><i class=\"fas fa-minus\"><\/i><\/span>\n\t\t\t\t\t\t\t\t\t\t\t\t\t\t<\/span>\n\t\t\t\t\t\t\t\t\t\t\t\t<a class=\"elementor-accordion-title\" tabindex=\"0\">Das Prolaktinom \u2013 ein Adenom mit Sekretion Prolaktin<\/a>\n\t\t\t\t\t<\/div>\n\t\t\t\t\t<div id=\"elementor-tab-content-2571\" class=\"elementor-tab-content elementor-clearfix\" data-tab=\"1\" role=\"region\" aria-labelledby=\"elementor-tab-title-2571\"><p>Prolaktin ist f\u00fcr die Milchsekretion und den Brustdr\u00fcsenwachstum verantwortlich und wird vor allem in der Schwangerschaft gebildet. Bei Vorliegen eines Prolaktinoms kommt es dahingehend zu einer Milchsekretion und Brustdr\u00fcsenwachstum. Zus\u00e4tzlich kann es zu Libido- und\/oder Potzensst\u00f6rungen kommen.<\/p><\/div>\n\t\t\t\t<\/div>\n\t\t\t\t\t\t\t<div class=\"elementor-accordion-item\">\n\t\t\t\t\t<div id=\"elementor-tab-title-2572\" class=\"elementor-tab-title\" data-tab=\"2\" role=\"button\" aria-controls=\"elementor-tab-content-2572\" aria-expanded=\"false\">\n\t\t\t\t\t\t\t\t\t\t\t\t\t<span class=\"elementor-accordion-icon elementor-accordion-icon-left\" aria-hidden=\"true\">\n\t\t\t\t\t\t\t\t\t\t\t\t\t\t\t<span class=\"elementor-accordion-icon-closed\"><i class=\"fas fa-chevron-down\"><\/i><\/span>\n\t\t\t\t\t\t\t\t<span class=\"elementor-accordion-icon-opened\"><i class=\"fas fa-minus\"><\/i><\/span>\n\t\t\t\t\t\t\t\t\t\t\t\t\t\t<\/span>\n\t\t\t\t\t\t\t\t\t\t\t\t<a class=\"elementor-accordion-title\" tabindex=\"0\">Das wachstums-hormon-produzierende Adenom<\/a>\n\t\t\t\t\t<\/div>\n\t\t\t\t\t<div id=\"elementor-tab-content-2572\" class=\"elementor-tab-content elementor-clearfix\" data-tab=\"2\" role=\"region\" aria-labelledby=\"elementor-tab-title-2572\"><p>Die Akromegalie: Bei Patienten mit einem wachstomshormonproduzierendem Adenom kommt es zu einer vermehrten Bildung des Wachstumshormon STH durch das Adenom. Dies f\u00fchrt in der Leber zur Bildung von Insulin-like-growth factor I (IGF-1), welche f\u00fcr die Wachstumsprozesse im K\u00f6rper verantwortlich ist. Die Hauptsymptome einer Akromegalie ist die Vergr\u00f6\u00dferung von H\u00e4nden und F\u00fc\u00dfen, die Vergr\u00f6berung von Gesichtsz\u00fcgen, die Vergr\u00f6\u00dferung von Zunge mit einhergehender klo\u00dfiger Sprache und vermehrtem Schnarchen, vergr\u00f6\u00dfertes Herz, Darmpolypen, Karpaltunnelsyndrom, Kopf- und Gliederschmerzen, Darmpolypen, Diabetes und Bluthochdruck.<\/p><\/div>\n\t\t\t\t<\/div>\n\t\t\t\t\t\t\t<div class=\"elementor-accordion-item\">\n\t\t\t\t\t<div id=\"elementor-tab-title-2573\" class=\"elementor-tab-title\" data-tab=\"3\" role=\"button\" aria-controls=\"elementor-tab-content-2573\" aria-expanded=\"false\">\n\t\t\t\t\t\t\t\t\t\t\t\t\t<span class=\"elementor-accordion-icon elementor-accordion-icon-left\" aria-hidden=\"true\">\n\t\t\t\t\t\t\t\t\t\t\t\t\t\t\t<span class=\"elementor-accordion-icon-closed\"><i class=\"fas fa-chevron-down\"><\/i><\/span>\n\t\t\t\t\t\t\t\t<span class=\"elementor-accordion-icon-opened\"><i class=\"fas fa-minus\"><\/i><\/span>\n\t\t\t\t\t\t\t\t\t\t\t\t\t\t<\/span>\n\t\t\t\t\t\t\t\t\t\t\t\t<a class=\"elementor-accordion-title\" tabindex=\"0\">Adenocortico-trophes Hormon (ACTH) produzierendes Adenom<\/a>\n\t\t\t\t\t<\/div>\n\t\t\t\t\t<div id=\"elementor-tab-content-2573\" class=\"elementor-tab-content elementor-clearfix\" data-tab=\"3\" role=\"region\" aria-labelledby=\"elementor-tab-title-2573\"><p>Morbus Cushing: Der Morbus Cushing ist durch die Hypersekretion von ACTH bedingt. Dieser f\u00fchrt an der Nebenniere zur \u00fcberm\u00e4\u00dfigen und ungebremsten Sekretion von Cortisol. Dies f\u00fchrt zum Bluthochdruck, Diabetes und Depression aber auch \u00e4u\u00dferen Ver\u00e4nderungen wie einem Vollmondgesicht, einem Stiernacken, stammbetonte Fettsucht mit d\u00fcnnen Extremit\u00e4ten, Kraftverlust, Haarverlust, Verlust der sexuellen Lust und erh\u00f6htes Risiko von Knochenbr\u00fcchen, Nierensteinen und Thrombosen<\/p><\/div>\n\t\t\t\t<\/div>\n\t\t\t\t\t\t\t\t<\/div>\n\t\t\t\t\t\t<\/div>\n\t\t\t\t<\/div>\n\t\t\t\t\t<\/div>\n\t\t<\/div>\n\t\t\t\t\t<\/div>\n\t\t<\/section>\n\t\t\t\t<section class=\"elementor-section elementor-top-section elementor-element elementor-element-46735eb7 elementor-section-content-middle elementor-section-boxed elementor-section-height-default elementor-section-height-default\" data-id=\"46735eb7\" data-element_type=\"section\" data-e-type=\"section\">\n\t\t\t\t\t\t<div class=\"elementor-container elementor-column-gap-no\">\n\t\t\t\t\t<div class=\"elementor-column elementor-col-50 elementor-top-column elementor-element elementor-element-572552c7\" data-id=\"572552c7\" data-element_type=\"column\" data-e-type=\"column\">\n\t\t\t<div class=\"elementor-widget-wrap elementor-element-populated\">\n\t\t\t\t\t\t<div class=\"elementor-element elementor-element-7acef170 elementor-widget elementor-widget-image\" data-id=\"7acef170\" data-element_type=\"widget\" data-e-type=\"widget\" data-widget_type=\"image.default\">\n\t\t\t\t<div class=\"elementor-widget-container\">\n\t\t\t\t\t\t\t\t\t\t\t\t\t\t\t<img decoding=\"async\" src=\"https:\/\/www.neurochirurgie-baden.at\/wp-content\/uploads\/0P7A6258-smush.png\" title=\"\" alt=\"\" loading=\"lazy\" \/>\t\t\t\t\t\t\t\t\t\t\t\t\t\t\t<\/div>\n\t\t\t\t<\/div>\n\t\t\t\t\t<\/div>\n\t\t<\/div>\n\t\t\t\t<div class=\"elementor-column elementor-col-50 elementor-top-column elementor-element elementor-element-2cb863f\" data-id=\"2cb863f\" data-element_type=\"column\" data-e-type=\"column\">\n\t\t\t<div class=\"elementor-widget-wrap elementor-element-populated\">\n\t\t\t\t\t\t<div class=\"elementor-element elementor-element-5573b80a elementor-view-default elementor-widget elementor-widget-icon\" data-id=\"5573b80a\" data-element_type=\"widget\" data-e-type=\"widget\" data-widget_type=\"icon.default\">\n\t\t\t\t<div class=\"elementor-widget-container\">\n\t\t\t\t\t\t\t<div class=\"elementor-icon-wrapper\">\n\t\t\t<div class=\"elementor-icon\">\n\t\t\t\t\t\t\t<i class=\"fa fa-quote-left\" aria-hidden=\"true\"><\/i>\n\t\t\t\t\t\t<\/div>\n\t\t<\/div>\n\t\t\t\t\t\t<\/div>\n\t\t\t\t<\/div>\n\t\t\t\t<div class=\"elementor-element elementor-element-57ea8dc5 elementor-widget elementor-widget-text-editor\" data-id=\"57ea8dc5\" data-element_type=\"widget\" data-e-type=\"widget\" data-widget_type=\"text-editor.default\">\n\t\t\t\t<div class=\"elementor-widget-container\">\n\t\t\t\t\t\t\t\t\t<h1>Ich bin Ihnen hinsichtlich der Beratung und Diagnostik sowie weiterer Planung behilflich und begleite Sie bei allen Schritten.<\/h1>\t\t\t\t\t\t\t\t<\/div>\n\t\t\t\t<\/div>\n\t\t\t\t<div class=\"elementor-element elementor-element-16f70ab1 elementor-widget elementor-widget-heading\" data-id=\"16f70ab1\" data-element_type=\"widget\" data-e-type=\"widget\" data-widget_type=\"heading.default\">\n\t\t\t\t<div class=\"elementor-widget-container\">\n\t\t\t\t\t<h2 class=\"elementor-heading-title elementor-size-default\">Dr. Milan Stanojevic<\/h2>\t\t\t\t<\/div>\n\t\t\t\t<\/div>\n\t\t\t\t<div class=\"elementor-element elementor-element-404a7409 elementor-widget elementor-widget-heading\" data-id=\"404a7409\" data-element_type=\"widget\" data-e-type=\"widget\" data-widget_type=\"heading.default\">\n\t\t\t\t<div class=\"elementor-widget-container\">\n\t\t\t\t\t<h2 class=\"elementor-heading-title elementor-size-default\">Neurochirurg<\/h2>\t\t\t\t<\/div>\n\t\t\t\t<\/div>\n\t\t\t\t\t<\/div>\n\t\t<\/div>\n\t\t\t\t\t<\/div>\n\t\t<\/section>\n\t\t\t\t<\/div>\n\t\t","protected":false},"excerpt":{"rendered":"<p>Die Hypophyse wird auch Hirnanhangsdr\u00fcse genannt und ist f\u00fcr die Produktion lebenswichtiger Hormone sowie f\u00fcr die Steuerung hormonaktiver Dr\u00fcsen verantwortlich. Ihre Steuerung erfolgt vor allem vom Hypothalamus. Nachgeschalten wird von ihr die Schilddr\u00fcse, Nebenniere, Eierst\u00f6cke bzw. Hoden gesteuert. Die Hypophyse ist etwa kirschgro\u00df und befindet sich an der Sch\u00e4delbasis unmittelbar unter der Sehbahnkreuzung. Adenome der [&hellip;]<\/p>\n","protected":false},"author":1,"featured_media":0,"parent":0,"menu_order":0,"comment_status":"closed","ping_status":"closed","template":"","meta":{"footnotes":""},"class_list":["post-71","page","type-page","status-publish","hentry"],"yoast_head":"<!-- This site is optimized with the Yoast SEO plugin v27.5 - https:\/\/yoast.com\/product\/yoast-seo-wordpress\/ -->\n<title>Hypophyse - Neurochirurgie<\/title>\n<meta name=\"robots\" content=\"index, follow, max-snippet:-1, max-image-preview:large, max-video-preview:-1\" \/>\n<link rel=\"canonical\" href=\"https:\/\/www.neurochirurgie-baden.at\/index.php\/hypophyse\/\" \/>\n<meta property=\"og:locale\" content=\"en_GB\" \/>\n<meta property=\"og:type\" content=\"article\" \/>\n<meta property=\"og:title\" content=\"Hypophyse - Neurochirurgie\" \/>\n<meta property=\"og:description\" content=\"Die Hypophyse wird auch Hirnanhangsdr\u00fcse genannt und ist f\u00fcr die Produktion lebenswichtiger Hormone sowie f\u00fcr die Steuerung hormonaktiver Dr\u00fcsen verantwortlich. Ihre Steuerung erfolgt vor allem vom Hypothalamus. Nachgeschalten wird von ihr die Schilddr\u00fcse, Nebenniere, Eierst\u00f6cke bzw. Hoden gesteuert. Die Hypophyse ist etwa kirschgro\u00df und befindet sich an der Sch\u00e4delbasis unmittelbar unter der Sehbahnkreuzung. Adenome der [&hellip;]\" \/>\n<meta property=\"og:url\" content=\"https:\/\/www.neurochirurgie-baden.at\/index.php\/hypophyse\/\" \/>\n<meta property=\"og:site_name\" content=\"Neurochirurgie\" \/>\n<meta property=\"article:modified_time\" content=\"2020-10-07T14:32:33+00:00\" \/>\n<meta property=\"og:image\" content=\"https:\/\/www.neurochirurgie-baden.at\/wp-content\/uploads\/0P7A6258-smush.png\" \/>\n<meta name=\"twitter:card\" content=\"summary_large_image\" \/>\n<meta name=\"twitter:label1\" content=\"Estimated reading time\" \/>\n\t<meta name=\"twitter:data1\" content=\"2 minutes\" \/>\n<script type=\"application\/ld+json\" class=\"yoast-schema-graph\">{\"@context\":\"https:\\\/\\\/schema.org\",\"@graph\":[{\"@type\":\"WebPage\",\"@id\":\"https:\\\/\\\/www.neurochirurgie-baden.at\\\/index.php\\\/hypophyse\\\/\",\"url\":\"https:\\\/\\\/www.neurochirurgie-baden.at\\\/index.php\\\/hypophyse\\\/\",\"name\":\"Hypophyse - Neurochirurgie\",\"isPartOf\":{\"@id\":\"https:\\\/\\\/www.neurochirurgie-baden.at\\\/#website\"},\"primaryImageOfPage\":{\"@id\":\"https:\\\/\\\/www.neurochirurgie-baden.at\\\/index.php\\\/hypophyse\\\/#primaryimage\"},\"image\":{\"@id\":\"https:\\\/\\\/www.neurochirurgie-baden.at\\\/index.php\\\/hypophyse\\\/#primaryimage\"},\"thumbnailUrl\":\"https:\\\/\\\/www.neurochirurgie-baden.at\\\/wp-content\\\/uploads\\\/0P7A6258-smush.png\",\"datePublished\":\"2020-09-04T21:02:54+00:00\",\"dateModified\":\"2020-10-07T14:32:33+00:00\",\"breadcrumb\":{\"@id\":\"https:\\\/\\\/www.neurochirurgie-baden.at\\\/index.php\\\/hypophyse\\\/#breadcrumb\"},\"inLanguage\":\"en-GB\",\"potentialAction\":[{\"@type\":\"ReadAction\",\"target\":[\"https:\\\/\\\/www.neurochirurgie-baden.at\\\/index.php\\\/hypophyse\\\/\"]}]},{\"@type\":\"ImageObject\",\"inLanguage\":\"en-GB\",\"@id\":\"https:\\\/\\\/www.neurochirurgie-baden.at\\\/index.php\\\/hypophyse\\\/#primaryimage\",\"url\":\"https:\\\/\\\/www.neurochirurgie-baden.at\\\/wp-content\\\/uploads\\\/0P7A6258-smush.png\",\"contentUrl\":\"https:\\\/\\\/www.neurochirurgie-baden.at\\\/wp-content\\\/uploads\\\/0P7A6258-smush.png\"},{\"@type\":\"BreadcrumbList\",\"@id\":\"https:\\\/\\\/www.neurochirurgie-baden.at\\\/index.php\\\/hypophyse\\\/#breadcrumb\",\"itemListElement\":[{\"@type\":\"ListItem\",\"position\":1,\"name\":\"Home\",\"item\":\"https:\\\/\\\/www.neurochirurgie-baden.at\\\/\"},{\"@type\":\"ListItem\",\"position\":2,\"name\":\"Hypophyse\"}]},{\"@type\":\"WebSite\",\"@id\":\"https:\\\/\\\/www.neurochirurgie-baden.at\\\/#website\",\"url\":\"https:\\\/\\\/www.neurochirurgie-baden.at\\\/\",\"name\":\"Neurochirurgie\",\"description\":\"Dr. Stanojevic\",\"potentialAction\":[{\"@type\":\"SearchAction\",\"target\":{\"@type\":\"EntryPoint\",\"urlTemplate\":\"https:\\\/\\\/www.neurochirurgie-baden.at\\\/?s={search_term_string}\"},\"query-input\":{\"@type\":\"PropertyValueSpecification\",\"valueRequired\":true,\"valueName\":\"search_term_string\"}}],\"inLanguage\":\"en-GB\"}]}<\/script>\n<!-- \/ Yoast SEO plugin. -->","yoast_head_json":{"title":"Hypophyse - Neurochirurgie","robots":{"index":"index","follow":"follow","max-snippet":"max-snippet:-1","max-image-preview":"max-image-preview:large","max-video-preview":"max-video-preview:-1"},"canonical":"https:\/\/www.neurochirurgie-baden.at\/index.php\/hypophyse\/","og_locale":"en_GB","og_type":"article","og_title":"Hypophyse - Neurochirurgie","og_description":"Die Hypophyse wird auch Hirnanhangsdr\u00fcse genannt und ist f\u00fcr die Produktion lebenswichtiger Hormone sowie f\u00fcr die Steuerung hormonaktiver Dr\u00fcsen verantwortlich. Ihre Steuerung erfolgt vor allem vom Hypothalamus. Nachgeschalten wird von ihr die Schilddr\u00fcse, Nebenniere, Eierst\u00f6cke bzw. Hoden gesteuert. Die Hypophyse ist etwa kirschgro\u00df und befindet sich an der Sch\u00e4delbasis unmittelbar unter der Sehbahnkreuzung. Adenome der [&hellip;]","og_url":"https:\/\/www.neurochirurgie-baden.at\/index.php\/hypophyse\/","og_site_name":"Neurochirurgie","article_modified_time":"2020-10-07T14:32:33+00:00","og_image":[{"url":"https:\/\/www.neurochirurgie-baden.at\/wp-content\/uploads\/0P7A6258-smush.png","type":"","width":"","height":""}],"twitter_card":"summary_large_image","twitter_misc":{"Estimated reading time":"2 minutes"},"schema":{"@context":"https:\/\/schema.org","@graph":[{"@type":"WebPage","@id":"https:\/\/www.neurochirurgie-baden.at\/index.php\/hypophyse\/","url":"https:\/\/www.neurochirurgie-baden.at\/index.php\/hypophyse\/","name":"Hypophyse - Neurochirurgie","isPartOf":{"@id":"https:\/\/www.neurochirurgie-baden.at\/#website"},"primaryImageOfPage":{"@id":"https:\/\/www.neurochirurgie-baden.at\/index.php\/hypophyse\/#primaryimage"},"image":{"@id":"https:\/\/www.neurochirurgie-baden.at\/index.php\/hypophyse\/#primaryimage"},"thumbnailUrl":"https:\/\/www.neurochirurgie-baden.at\/wp-content\/uploads\/0P7A6258-smush.png","datePublished":"2020-09-04T21:02:54+00:00","dateModified":"2020-10-07T14:32:33+00:00","breadcrumb":{"@id":"https:\/\/www.neurochirurgie-baden.at\/index.php\/hypophyse\/#breadcrumb"},"inLanguage":"en-GB","potentialAction":[{"@type":"ReadAction","target":["https:\/\/www.neurochirurgie-baden.at\/index.php\/hypophyse\/"]}]},{"@type":"ImageObject","inLanguage":"en-GB","@id":"https:\/\/www.neurochirurgie-baden.at\/index.php\/hypophyse\/#primaryimage","url":"https:\/\/www.neurochirurgie-baden.at\/wp-content\/uploads\/0P7A6258-smush.png","contentUrl":"https:\/\/www.neurochirurgie-baden.at\/wp-content\/uploads\/0P7A6258-smush.png"},{"@type":"BreadcrumbList","@id":"https:\/\/www.neurochirurgie-baden.at\/index.php\/hypophyse\/#breadcrumb","itemListElement":[{"@type":"ListItem","position":1,"name":"Home","item":"https:\/\/www.neurochirurgie-baden.at\/"},{"@type":"ListItem","position":2,"name":"Hypophyse"}]},{"@type":"WebSite","@id":"https:\/\/www.neurochirurgie-baden.at\/#website","url":"https:\/\/www.neurochirurgie-baden.at\/","name":"Neurochirurgie","description":"Dr. Stanojevic","potentialAction":[{"@type":"SearchAction","target":{"@type":"EntryPoint","urlTemplate":"https:\/\/www.neurochirurgie-baden.at\/?s={search_term_string}"},"query-input":{"@type":"PropertyValueSpecification","valueRequired":true,"valueName":"search_term_string"}}],"inLanguage":"en-GB"}]}},"_links":{"self":[{"href":"https:\/\/www.neurochirurgie-baden.at\/index.php\/wp-json\/wp\/v2\/pages\/71","targetHints":{"allow":["GET"]}}],"collection":[{"href":"https:\/\/www.neurochirurgie-baden.at\/index.php\/wp-json\/wp\/v2\/pages"}],"about":[{"href":"https:\/\/www.neurochirurgie-baden.at\/index.php\/wp-json\/wp\/v2\/types\/page"}],"author":[{"embeddable":true,"href":"https:\/\/www.neurochirurgie-baden.at\/index.php\/wp-json\/wp\/v2\/users\/1"}],"replies":[{"embeddable":true,"href":"https:\/\/www.neurochirurgie-baden.at\/index.php\/wp-json\/wp\/v2\/comments?post=71"}],"version-history":[{"count":18,"href":"https:\/\/www.neurochirurgie-baden.at\/index.php\/wp-json\/wp\/v2\/pages\/71\/revisions"}],"predecessor-version":[{"id":369,"href":"https:\/\/www.neurochirurgie-baden.at\/index.php\/wp-json\/wp\/v2\/pages\/71\/revisions\/369"}],"wp:attachment":[{"href":"https:\/\/www.neurochirurgie-baden.at\/index.php\/wp-json\/wp\/v2\/media?parent=71"}],"curies":[{"name":"wp","href":"https:\/\/api.w.org\/{rel}","templated":true}]}}