{"id":167,"date":"2020-09-07T06:55:33","date_gmt":"2020-09-07T06:55:33","guid":{"rendered":"https:\/\/www.neurochirurgie-baden.at\/?page_id=167"},"modified":"2020-10-07T14:31:37","modified_gmt":"2020-10-07T14:31:37","slug":"gehirntumore","status":"publish","type":"page","link":"https:\/\/www.neurochirurgie-baden.at\/index.php\/gehirntumore\/","title":{"rendered":"Gehirntumore"},"content":{"rendered":"\t\t<div data-elementor-type=\"wp-post\" data-elementor-id=\"167\" class=\"elementor elementor-167\" data-elementor-post-type=\"page\">\n\t\t\t\t\t\t<section class=\"elementor-section elementor-top-section elementor-element elementor-element-104b37f elementor-section-boxed elementor-section-height-default elementor-section-height-default\" data-id=\"104b37f\" data-element_type=\"section\" data-e-type=\"section\">\n\t\t\t\t\t\t<div class=\"elementor-container elementor-column-gap-default\">\n\t\t\t\t\t<div class=\"elementor-column elementor-col-100 elementor-top-column elementor-element elementor-element-6983a9b\" data-id=\"6983a9b\" data-element_type=\"column\" data-e-type=\"column\">\n\t\t\t<div class=\"elementor-widget-wrap elementor-element-populated\">\n\t\t\t\t\t\t<div class=\"elementor-element elementor-element-5c7ee88 elementor-widget elementor-widget-text-editor\" data-id=\"5c7ee88\" data-element_type=\"widget\" data-e-type=\"widget\" data-widget_type=\"text-editor.default\">\n\t\t\t\t<div class=\"elementor-widget-container\">\n\t\t\t\t\t\t\t\t\t<p>Tumore des Gehirns k\u00f6nnen die Sch\u00e4delknochen, die H\u00fclle des Gehirns (Dura Mater) sowie das Gehirn selbst betreffen. Bei den Hirnbetreffenden Tumoren ist zwischen intraaxial (im Gehirn selbst) sowie extraaxial (dem Gehirn anh\u00e4ngend\/aufliegend) zu unterscheiden. Die Einteilung von Hirntumoren hinsichtlich ihres Schweregrades erfolgt nach dem WHO (World Health Organisation) Grad. Abh\u00e4ngig von der Lokalisation und dem Grad sowie dem Ausma\u00df der operativen Entfernung ist die weitere Therapie zu Planen. Hier ist oft die Kombination aus Operation, Bestrahlung und Chemotherapie notwendig. <\/p><p>Eine definitive Diagnostik durch die operative Gewebsgewinnung ist f\u00fcr die weitere Therapieplanung wichtig. <\/p><p>Hirneigene Tumore: Unter hirneigene Tumore werden jene Tumore gez\u00e4hlt, welche ihren Ursprung aus den Zellen des zentralen Nervensystems haben. Hierbei finden sich Gliome, Astrozytome, Ependymome und Schwannome als h\u00e4ufigste Vertreter. Die Symptome sind abh\u00e4ngig von Lage und Gr\u00f6\u00dfe des Tumors sowie dessen Wachstumsgeschwindigkeit. Mittels Bildgebung kann die genaue Lokalisation sowie die Abgrenzung zum umgebenden Hirngewebe bestimmt werden. Als Bildgebung der Wahl steht hier die kontrastmittelangehobene Magnetresonanztomographie (MRT) an h\u00f6chster Stelle. Bei Rezidiven sowie nach Bestrahlung aber auch zur Abgrenzung von gutartigen zu b\u00f6sartigen Tumoren ist die MR-Spektroskopie sowie das PET-CT eine zielf\u00fchrende Untersuchungsmethode. <\/p><p>Meningeome sind Tumore, welche von den Zellen der Hirnhaut (Menignen) ausgehen. Die Menigna kleidet das Gehirn aus und ist mehrschichtig aufgebaut. Da es sich bei der Hirnhaut um eine Umkleidung des Gehirns handelt sind Meningeome an der Oberfl\u00e4che des Gehirns anzufinden und wachsen in der Regel verdr\u00e4ngend. Meningeome sind langsam wachsende Tumore und k\u00f6nnen durch ihre Gr\u00f6\u00dfe und der umliegenden Gewebsreaktion in Form von Schwellung zu neurologischen St\u00f6rungen wie epileptischen Anf\u00e4llen, L\u00e4hmungen, Gef\u00fchlsst\u00f6rungen, Sprachst\u00f6rungen, Sehst\u00f6rungen, etc. f\u00fchren. <\/p><p>Metastasen: Metastasen z\u00e4hlen zu den h\u00e4ufigsten intrakraniellen Raumforderungen. Durch die verbesserte Therapie von Krebserkrankungen und die l\u00e4ngere Lebenserwartung der Bev\u00f6lkerung steigt die H\u00e4ufigkeit der Hirnmetastasen. Metastasen werden h\u00e4ufig im Rahmen der Kontrolluntersuchung bei bekanntem Tumorleiden bzw. bei neu aufgetretenen neurologischen Symptomen erkannt. Auch k\u00f6nnen sie manchmal der erste Hinweis auf eine Tumorerkrankung sein. In diesem Fall ist die genau und schnelle Diagnostik sowie die fr\u00fche Diagnosesicherung der wichtigste Schritt zur weiteren Behandlung. Die Therapie der Metastase kann sowohl chirurgisch als auch mittel Strahlen- und Chemotherapie erfolgen. Oft ist eine Kombination aller drei Modalit\u00e4ten notwendig.<\/p>\t\t\t\t\t\t\t\t<\/div>\n\t\t\t\t<\/div>\n\t\t\t\t\t<\/div>\n\t\t<\/div>\n\t\t\t\t\t<\/div>\n\t\t<\/section>\n\t\t\t\t<\/div>\n\t\t","protected":false},"excerpt":{"rendered":"<p>Tumore des Gehirns k\u00f6nnen die Sch\u00e4delknochen, die H\u00fclle des Gehirns (Dura Mater) sowie das Gehirn selbst betreffen. Bei den Hirnbetreffenden Tumoren ist zwischen intraaxial (im Gehirn selbst) sowie extraaxial (dem Gehirn anh\u00e4ngend\/aufliegend) zu unterscheiden. Die Einteilung von Hirntumoren hinsichtlich ihres Schweregrades erfolgt nach dem WHO (World Health Organisation) Grad. Abh\u00e4ngig von der Lokalisation und dem [&hellip;]<\/p>\n","protected":false},"author":1,"featured_media":0,"parent":0,"menu_order":0,"comment_status":"closed","ping_status":"closed","template":"","meta":{"footnotes":""},"class_list":["post-167","page","type-page","status-publish","hentry"],"yoast_head":"<!-- This site is optimized with the Yoast SEO plugin v27.5 - https:\/\/yoast.com\/product\/yoast-seo-wordpress\/ -->\n<title>Gehirntumore - Neurochirurgie<\/title>\n<meta name=\"robots\" content=\"index, follow, max-snippet:-1, max-image-preview:large, max-video-preview:-1\" \/>\n<link rel=\"canonical\" href=\"https:\/\/www.neurochirurgie-baden.at\/index.php\/gehirntumore\/\" \/>\n<meta property=\"og:locale\" content=\"en_GB\" \/>\n<meta property=\"og:type\" content=\"article\" \/>\n<meta property=\"og:title\" content=\"Gehirntumore - Neurochirurgie\" \/>\n<meta property=\"og:description\" content=\"Tumore des Gehirns k\u00f6nnen die Sch\u00e4delknochen, die H\u00fclle des Gehirns (Dura Mater) sowie das Gehirn selbst betreffen. Bei den Hirnbetreffenden Tumoren ist zwischen intraaxial (im Gehirn selbst) sowie extraaxial (dem Gehirn anh\u00e4ngend\/aufliegend) zu unterscheiden. Die Einteilung von Hirntumoren hinsichtlich ihres Schweregrades erfolgt nach dem WHO (World Health Organisation) Grad. Abh\u00e4ngig von der Lokalisation und dem [&hellip;]\" \/>\n<meta property=\"og:url\" content=\"https:\/\/www.neurochirurgie-baden.at\/index.php\/gehirntumore\/\" \/>\n<meta property=\"og:site_name\" content=\"Neurochirurgie\" \/>\n<meta property=\"article:modified_time\" content=\"2020-10-07T14:31:37+00:00\" \/>\n<meta name=\"twitter:card\" content=\"summary_large_image\" \/>\n<meta name=\"twitter:label1\" content=\"Estimated reading time\" \/>\n\t<meta name=\"twitter:data1\" content=\"2 minutes\" \/>\n<script type=\"application\/ld+json\" class=\"yoast-schema-graph\">{\"@context\":\"https:\\\/\\\/schema.org\",\"@graph\":[{\"@type\":\"WebPage\",\"@id\":\"https:\\\/\\\/www.neurochirurgie-baden.at\\\/index.php\\\/gehirntumore\\\/\",\"url\":\"https:\\\/\\\/www.neurochirurgie-baden.at\\\/index.php\\\/gehirntumore\\\/\",\"name\":\"Gehirntumore - Neurochirurgie\",\"isPartOf\":{\"@id\":\"https:\\\/\\\/www.neurochirurgie-baden.at\\\/#website\"},\"datePublished\":\"2020-09-07T06:55:33+00:00\",\"dateModified\":\"2020-10-07T14:31:37+00:00\",\"breadcrumb\":{\"@id\":\"https:\\\/\\\/www.neurochirurgie-baden.at\\\/index.php\\\/gehirntumore\\\/#breadcrumb\"},\"inLanguage\":\"en-GB\",\"potentialAction\":[{\"@type\":\"ReadAction\",\"target\":[\"https:\\\/\\\/www.neurochirurgie-baden.at\\\/index.php\\\/gehirntumore\\\/\"]}]},{\"@type\":\"BreadcrumbList\",\"@id\":\"https:\\\/\\\/www.neurochirurgie-baden.at\\\/index.php\\\/gehirntumore\\\/#breadcrumb\",\"itemListElement\":[{\"@type\":\"ListItem\",\"position\":1,\"name\":\"Home\",\"item\":\"https:\\\/\\\/www.neurochirurgie-baden.at\\\/\"},{\"@type\":\"ListItem\",\"position\":2,\"name\":\"Gehirntumore\"}]},{\"@type\":\"WebSite\",\"@id\":\"https:\\\/\\\/www.neurochirurgie-baden.at\\\/#website\",\"url\":\"https:\\\/\\\/www.neurochirurgie-baden.at\\\/\",\"name\":\"Neurochirurgie\",\"description\":\"Dr. Stanojevic\",\"potentialAction\":[{\"@type\":\"SearchAction\",\"target\":{\"@type\":\"EntryPoint\",\"urlTemplate\":\"https:\\\/\\\/www.neurochirurgie-baden.at\\\/?s={search_term_string}\"},\"query-input\":{\"@type\":\"PropertyValueSpecification\",\"valueRequired\":true,\"valueName\":\"search_term_string\"}}],\"inLanguage\":\"en-GB\"}]}<\/script>\n<!-- \/ Yoast SEO plugin. -->","yoast_head_json":{"title":"Gehirntumore - Neurochirurgie","robots":{"index":"index","follow":"follow","max-snippet":"max-snippet:-1","max-image-preview":"max-image-preview:large","max-video-preview":"max-video-preview:-1"},"canonical":"https:\/\/www.neurochirurgie-baden.at\/index.php\/gehirntumore\/","og_locale":"en_GB","og_type":"article","og_title":"Gehirntumore - Neurochirurgie","og_description":"Tumore des Gehirns k\u00f6nnen die Sch\u00e4delknochen, die H\u00fclle des Gehirns (Dura Mater) sowie das Gehirn selbst betreffen. Bei den Hirnbetreffenden Tumoren ist zwischen intraaxial (im Gehirn selbst) sowie extraaxial (dem Gehirn anh\u00e4ngend\/aufliegend) zu unterscheiden. Die Einteilung von Hirntumoren hinsichtlich ihres Schweregrades erfolgt nach dem WHO (World Health Organisation) Grad. Abh\u00e4ngig von der Lokalisation und dem [&hellip;]","og_url":"https:\/\/www.neurochirurgie-baden.at\/index.php\/gehirntumore\/","og_site_name":"Neurochirurgie","article_modified_time":"2020-10-07T14:31:37+00:00","twitter_card":"summary_large_image","twitter_misc":{"Estimated reading time":"2 minutes"},"schema":{"@context":"https:\/\/schema.org","@graph":[{"@type":"WebPage","@id":"https:\/\/www.neurochirurgie-baden.at\/index.php\/gehirntumore\/","url":"https:\/\/www.neurochirurgie-baden.at\/index.php\/gehirntumore\/","name":"Gehirntumore - Neurochirurgie","isPartOf":{"@id":"https:\/\/www.neurochirurgie-baden.at\/#website"},"datePublished":"2020-09-07T06:55:33+00:00","dateModified":"2020-10-07T14:31:37+00:00","breadcrumb":{"@id":"https:\/\/www.neurochirurgie-baden.at\/index.php\/gehirntumore\/#breadcrumb"},"inLanguage":"en-GB","potentialAction":[{"@type":"ReadAction","target":["https:\/\/www.neurochirurgie-baden.at\/index.php\/gehirntumore\/"]}]},{"@type":"BreadcrumbList","@id":"https:\/\/www.neurochirurgie-baden.at\/index.php\/gehirntumore\/#breadcrumb","itemListElement":[{"@type":"ListItem","position":1,"name":"Home","item":"https:\/\/www.neurochirurgie-baden.at\/"},{"@type":"ListItem","position":2,"name":"Gehirntumore"}]},{"@type":"WebSite","@id":"https:\/\/www.neurochirurgie-baden.at\/#website","url":"https:\/\/www.neurochirurgie-baden.at\/","name":"Neurochirurgie","description":"Dr. Stanojevic","potentialAction":[{"@type":"SearchAction","target":{"@type":"EntryPoint","urlTemplate":"https:\/\/www.neurochirurgie-baden.at\/?s={search_term_string}"},"query-input":{"@type":"PropertyValueSpecification","valueRequired":true,"valueName":"search_term_string"}}],"inLanguage":"en-GB"}]}},"_links":{"self":[{"href":"https:\/\/www.neurochirurgie-baden.at\/index.php\/wp-json\/wp\/v2\/pages\/167","targetHints":{"allow":["GET"]}}],"collection":[{"href":"https:\/\/www.neurochirurgie-baden.at\/index.php\/wp-json\/wp\/v2\/pages"}],"about":[{"href":"https:\/\/www.neurochirurgie-baden.at\/index.php\/wp-json\/wp\/v2\/types\/page"}],"author":[{"embeddable":true,"href":"https:\/\/www.neurochirurgie-baden.at\/index.php\/wp-json\/wp\/v2\/users\/1"}],"replies":[{"embeddable":true,"href":"https:\/\/www.neurochirurgie-baden.at\/index.php\/wp-json\/wp\/v2\/comments?post=167"}],"version-history":[{"count":5,"href":"https:\/\/www.neurochirurgie-baden.at\/index.php\/wp-json\/wp\/v2\/pages\/167\/revisions"}],"predecessor-version":[{"id":229,"href":"https:\/\/www.neurochirurgie-baden.at\/index.php\/wp-json\/wp\/v2\/pages\/167\/revisions\/229"}],"wp:attachment":[{"href":"https:\/\/www.neurochirurgie-baden.at\/index.php\/wp-json\/wp\/v2\/media?parent=167"}],"curies":[{"name":"wp","href":"https:\/\/api.w.org\/{rel}","templated":true}]}}